{"id":828,"date":"2026-03-30T17:25:47","date_gmt":"2026-03-30T15:25:47","guid":{"rendered":"https:\/\/merindolenfete.fr\/?page_id=828"},"modified":"2026-03-30T17:29:20","modified_gmt":"2026-03-30T15:29:20","slug":"fin_inscript_vide_grenier","status":"publish","type":"page","link":"https:\/\/merindolenfete.fr\/index.php\/fin_inscript_vide_grenier\/","title":{"rendered":"Fin_Inscript_Vide_Grenier"},"content":{"rendered":"\t\t<div data-elementor-type=\"wp-page\" data-elementor-id=\"828\" class=\"elementor elementor-828\" data-elementor-post-type=\"page\">\n\t\t\t\t<div class=\"elementor-element elementor-element-4614f36 e-con-full e-flex e-con e-parent\" data-id=\"4614f36\" data-element_type=\"container\">\n\t\t\t\t<div class=\"elementor-element elementor-element-4b2d1e0 elementor-pagination-position-outside elementor-widget-tablet__width-inherit elementor-widget-mobile__width-inherit elementor--h-position-center elementor--v-position-middle elementor-arrows-position-inside elementor-widget elementor-widget-slides\" data-id=\"4b2d1e0\" data-element_type=\"widget\" data-settings=\"{&quot;navigation&quot;:&quot;both&quot;,&quot;autoplay&quot;:&quot;yes&quot;,&quot;pause_on_hover&quot;:&quot;yes&quot;,&quot;pause_on_interaction&quot;:&quot;yes&quot;,&quot;autoplay_speed&quot;:5000,&quot;infinite&quot;:&quot;yes&quot;,&quot;transition&quot;:&quot;slide&quot;,&quot;transition_speed&quot;:500}\" data-widget_type=\"slides.default\">\n\t\t\t\t<div class=\"elementor-widget-container\">\n\t\t\t\t\t<div class=\"elementor-swiper\">\n\t\t\t<div class=\"elementor-slides-wrapper elementor-main-swiper swiper\" dir=\"ltr\" data-animation=\"fadeInUp\">\n\t\t\t\t<div class=\"swiper-wrapper elementor-slides\">\n\t\t\t\t\t\t\t\t\t\t<div class=\"elementor-repeater-item-570f27b swiper-slide\"><div class=\"swiper-slide-bg\" role=\"img\"><\/div><div class=\"swiper-slide-inner\" ><div class=\"swiper-slide-contents\"><\/div><\/div><\/div>\t\t\t\t<\/div>\n\t\t\t\t\t\t\t<\/div>\n\t\t<\/div>\n\t\t\t\t<\/div>\n\t\t\t\t<\/div>\n\t\t\t\t<\/div>\n\t\t<div class=\"elementor-element elementor-element-b2d8f22 e-flex e-con-boxed e-con e-parent\" data-id=\"b2d8f22\" data-element_type=\"container\">\n\t\t\t\t\t<div class=\"e-con-inner\">\n\t\t<div class=\"elementor-element elementor-element-7ee4f9e e-con-full e-flex e-con e-child\" data-id=\"7ee4f9e\" data-element_type=\"container\">\n\t\t\t\t<\/div>\n\t\t<div class=\"elementor-element elementor-element-b7161a7 e-con-full e-flex e-con e-child\" data-id=\"b7161a7\" data-element_type=\"container\">\n\t\t\t\t<div class=\"elementor-element elementor-element-8bcf140 elementor-widget elementor-widget-heading\" data-id=\"8bcf140\" data-element_type=\"widget\" data-widget_type=\"heading.default\">\n\t\t\t\t<div class=\"elementor-widget-container\">\n\t\t\t<h1 class=\"elementor-heading-title elementor-size-default\">Inscription Exposant<\/h1>\t\t<\/div>\n\t\t\t\t<\/div>\n\t\t\t\t<div class=\"elementor-element elementor-element-ed96dca elementor-widget elementor-widget-text-editor\" data-id=\"ed96dca\" data-element_type=\"widget\" data-widget_type=\"text-editor.default\">\n\t\t\t\t<div class=\"elementor-widget-container\">\n\t\t\t\t\t\t\t<p>\u00a0<\/p><p><span style=\"color: #993366;\"><strong>Les inscriptions sont d\u00e9sormais termin\u00e9es<\/strong><\/span>.<\/p><p>Cette ann\u00e9e, le vide-grenier se tiendra le <strong>06 Avril 2026 \u00e0 la Garrigue de M\u00e9rindol<\/strong>.<\/p><p>L&#8217;installation des exposant se fera \u00e0 partir de <strong>05h30<\/strong>.<\/p><p><em>En raison du plan Vigipirate, les voitures devront \u00eatre ensuite gar\u00e9es sur les parkings pr\u00e9vus \u00e0 cet effet.<\/em><\/p><p><em>Le paiement est \u00e0 effectuer sur place au moment de l&#8217;installation. Merci de vous munir de votre carte d&#8217;identit\u00e9.<\/em><\/p><p><em>Nous ne fournissons aucun mat\u00e9riel (Tables, chaises, barnums, etc.)<\/em><\/p>\t\t\t\t\t\t<\/div>\n\t\t\t\t<\/div>\n\t\t\t\t<\/div>\n\t\t<div class=\"elementor-element elementor-element-2d16eff e-con-full e-flex e-con e-child\" data-id=\"2d16eff\" data-element_type=\"container\">\n\t\t\t\t<\/div>\n\t\t\t\t\t<\/div>\n\t\t\t\t<\/div>\n\t\t\t\t<\/div>\n\t\t","protected":false},"excerpt":{"rendered":"<p>Inscription Exposant \u00a0 Les inscriptions sont d\u00e9sormais termin\u00e9es. Cette ann\u00e9e, le vide-grenier se tiendra le 06 Avril 2026 \u00e0 la Garrigue de M\u00e9rindol. L&#8217;installation des exposant se fera \u00e0 partir de 05h30. En raison du plan Vigipirate, les voitures devront \u00eatre ensuite gar\u00e9es sur les parkings pr\u00e9vus \u00e0 cet effet. Le paiement est \u00e0 effectuer [&hellip;]<\/p>\n","protected":false},"author":1,"featured_media":0,"parent":0,"menu_order":0,"comment_status":"closed","ping_status":"closed","template":"","meta":{"footnotes":""},"class_list":["post-828","page","type-page","status-publish","hentry"],"_links":{"self":[{"href":"https:\/\/merindolenfete.fr\/index.php\/wp-json\/wp\/v2\/pages\/828","targetHints":{"allow":["GET"]}}],"collection":[{"href":"https:\/\/merindolenfete.fr\/index.php\/wp-json\/wp\/v2\/pages"}],"about":[{"href":"https:\/\/merindolenfete.fr\/index.php\/wp-json\/wp\/v2\/types\/page"}],"author":[{"embeddable":true,"href":"https:\/\/merindolenfete.fr\/index.php\/wp-json\/wp\/v2\/users\/1"}],"replies":[{"embeddable":true,"href":"https:\/\/merindolenfete.fr\/index.php\/wp-json\/wp\/v2\/comments?post=828"}],"version-history":[{"count":4,"href":"https:\/\/merindolenfete.fr\/index.php\/wp-json\/wp\/v2\/pages\/828\/revisions"}],"predecessor-version":[{"id":832,"href":"https:\/\/merindolenfete.fr\/index.php\/wp-json\/wp\/v2\/pages\/828\/revisions\/832"}],"wp:attachment":[{"href":"https:\/\/merindolenfete.fr\/index.php\/wp-json\/wp\/v2\/media?parent=828"}],"curies":[{"name":"wp","href":"https:\/\/api.w.org\/{rel}","templated":true}]}}